{"id":21118,"date":"2017-05-19T11:02:39","date_gmt":"2017-05-19T15:02:39","guid":{"rendered":"http:\/\/lpclex.com\/?page_id=21118"},"modified":"2025-08-13T12:27:59","modified_gmt":"2025-08-13T16:27:59","slug":"joey-zukran","status":"publish","type":"page","link":"https:\/\/lpclex.com\/fr\/joey-zukran\/","title":{"rendered":"Joey Zukran"},"content":{"rendered":"<div class=\"fusion-fullwidth fullwidth-box fusion-builder-row-1 nonhundred-percent-fullwidth non-hundred-percent-height-scrolling fusion-equal-height-columns\" style=\"--awb-background-position:left top;--awb-border-sizes-top:0px;--awb-border-sizes-bottom:0px;--awb-border-sizes-left:0px;--awb-border-sizes-right:0px;--awb-border-radius-top-left:0px;--awb-border-radius-top-right:0px;--awb-border-radius-bottom-right:0px;--awb-border-radius-bottom-left:0px;--awb-padding-top:70px;--awb-padding-bottom:35px;--awb-flex-wrap:wrap;\" ><div class=\"fusion-builder-row fusion-row\"><div class=\"fusion-layout-column fusion_builder_column fusion-builder-column-0 fusion_builder_column_1_1 1_1 fusion-one-full fusion-column-first fusion-column-last fusion-column-no-min-height\" style=\"--awb-bg-size:cover;--awb-margin-bottom:0px;\"><div class=\"fusion-column-wrapper fusion-flex-column-wrapper-legacy\"><div class=\"fusion-sep-clear\"><\/div><div class=\"fusion-separator fusion-full-width-sep\" style=\"margin-left: auto;margin-right: auto;width:100%;\"><div class=\"fusion-separator-border sep-single sep-solid\" style=\"--awb-height:20px;--awb-amount:20px;--awb-sep-color:#1e73be;border-color:#1e73be;border-top-width:5px;\"><\/div><\/div><div class=\"fusion-sep-clear\"><\/div><div class=\"fusion-clearfix\"><\/div><\/div><\/div><div class=\"fusion-layout-column fusion_builder_column fusion-builder-column-1 fusion_builder_column_2_5 2_5 fusion-two-fifth fusion-column-first\" style=\"--awb-padding-top:45px;--awb-padding-right:45px;--awb-padding-bottom:45px;--awb-padding-left:45px;--awb-bg-color:#ffffff;--awb-bg-color-hover:#ffffff;--awb-bg-size:cover;--awb-border-color:#e2e2e2;--awb-border-top:1px;--awb-border-right:1px;--awb-border-bottom:1px;--awb-border-left:1px;--awb-border-style:solid;--awb-margin-bottom:40px;\"><div class=\"fusion-column-wrapper fusion-flex-column-wrapper-legacy\"><div class=\"fusion-image-element fusion-image-align-center in-legacy-container\" style=\"text-align:center;--awb-caption-title-font-family:var(--h2_typography-font-family);--awb-caption-title-font-weight:var(--h2_typography-font-weight);--awb-caption-title-font-style:var(--h2_typography-font-style);--awb-caption-title-size:var(--h2_typography-font-size);--awb-caption-title-transform:var(--h2_typography-text-transform);--awb-caption-title-line-height:var(--h2_typography-line-height);--awb-caption-title-letter-spacing:var(--h2_typography-letter-spacing);\"><div class=\"imageframe-align-center\"><span class=\" fusion-imageframe imageframe-none imageframe-1 hover-type-zoomin\"><a href=\"http:\/\/lpclex.com\/wp-content\/uploads\/2015\/02\/DSC1038-21.jpg\" class=\"fusion-lightbox\" data-rel=\"iLightbox[9a7ea15685b8188fb45]\"><img decoding=\"async\" src=\"http:\/\/lpclex.com\/wp-content\/uploads\/2015\/02\/DSC1038-21.jpg\" alt class=\"img-responsive\"\/><\/a><\/span><\/div><\/div><div class=\"fusion-sep-clear\"><\/div><div class=\"fusion-separator fusion-full-width-sep\" style=\"margin-left: auto;margin-right: auto;width:100%;\"><\/div><div class=\"fusion-sep-clear\"><\/div><div class=\"fusion-social-links fusion-social-links-1\" style=\"--awb-margin-top:0px;--awb-margin-right:0px;--awb-margin-bottom:0px;--awb-margin-left:0px;--awb-box-border-top:0px;--awb-box-border-right:0px;--awb-box-border-bottom:0px;--awb-box-border-left:0px;--awb-icon-colors-hover:rgba(255,255,255,0.8);--awb-box-colors-hover:rgba(0,92,191,0.8);--awb-box-border-color:var(--awb-color3);--awb-box-border-color-hover:var(--awb-color4);\"><div class=\"fusion-social-networks boxed-icons color-type-custom\"><div class=\"fusion-social-networks-wrapper\"><a class=\"fusion-social-network-icon fusion-tooltip fusion-linkedin awb-icon-linkedin\" style=\"color:#ffffff;font-size:14px;width:14px;background-color:#3392C4;border-color:#3392C4;border-radius:4px;\" data-placement=\"top\" data-title=\"LinkedIn\" data-toggle=\"tooltip\" title=\"LinkedIn\" aria-label=\"linkedin\" target=\"_blank\" rel=\"noopener noreferrer\" href=\"https:\/\/ca.linkedin.com\/in\/joey-zukran-42253886\"><\/a><a class=\"fusion-social-network-icon fusion-tooltip fusion-mail awb-icon-mail\" style=\"color:#ffffff;font-size:14px;width:14px;background-color:#3392C4;border-color:#3392C4;border-radius:4px;\" data-placement=\"top\" data-title=\"Email\" data-toggle=\"tooltip\" title=\"Email\" aria-label=\"mail\" target=\"_blank\" rel=\"noopener noreferrer\" href=\"mailto:&#106;&#122;&#117;kran&#064;l&#112;&#099;&#108;ex&#046;c&#111;m\"><\/a><\/div><\/div><\/div><div class=\"fusion-text fusion-text-1\"><p><span style=\"color: #005cbf;\">COORDONN\u00c9ES<\/span><br \/>\n<a href=\"mailto:jzukran@lpclex.com\"> jzukran@lpclex.com<\/a><br \/>\nT\u00e9l: 514-379-1572<br \/>\nT\u00e9l\u00e9c: 514-221-4441<\/p>\n<p><span style=\"color: #005cbf;\">CHAMPS DE PRATIQUE<\/span><br \/>\nActions\u00a0collectives<br \/>\nProtection des consommateurs<br \/>\nLitige<\/p>\n<p><span style=\"color: #005cbf;\">\u00c9TUDES<\/span><br \/>\nUniversit\u00e9\u00a0McGill, LL.B.\/B.C.L., 2015<\/p>\n<p><span style=\"color: #005cbf;\">ASSOCIATIONS PROFESSIONNELLES<\/span><br \/>\nBarreau du Qu\u00e9bec, 2016<\/p>\n<p><span style=\"color: #005cbf;\">LANGUES<\/span><br \/>\nFran\u00e7ais, anglais, h\u00e9breu<\/p>\n<\/div><div class=\"fusion-clearfix\"><\/div><\/div><\/div><div class=\"fusion-layout-column fusion_builder_column fusion-builder-column-2 fusion_builder_column_3_5 3_5 fusion-three-fifth fusion-column-last\" style=\"--awb-padding-top:45px;--awb-padding-right:45px;--awb-padding-bottom:45px;--awb-padding-left:45px;--awb-bg-color:#ffffff;--awb-bg-color-hover:#ffffff;--awb-bg-size:cover;--awb-border-color:#e2e2e2;--awb-border-top:1px;--awb-border-right:1px;--awb-border-bottom:1px;--awb-border-left:1px;--awb-border-style:solid;--awb-margin-bottom:40px;\"><div class=\"fusion-column-wrapper fusion-flex-column-wrapper-legacy\"><div class=\"fusion-title title fusion-title-1 fusion-title-text fusion-title-size-two\" style=\"--awb-margin-top-small:0px;--awb-margin-right-small:0px;--awb-margin-bottom-small:20px;--awb-margin-left-small:0px;\"><h2 class=\"fusion-title-heading title-heading-left\" style=\"margin:0;\">JOEY ZUKRAN<\/h2><span class=\"awb-title-spacer\"><\/span><div class=\"title-sep-container\"><div class=\"title-sep sep-single sep-solid\" style=\"border-color:#e0dede;\"><\/div><\/div><\/div><div class=\"fusion-text fusion-text-2\"><p style=\"text-align: justify;\">Me Joey\u00a0Zukran a obtenu ses baccalaur\u00e9ats en droit civil (B.C.L.) et en common law (LL.B.) de la Facult\u00e9 de droit de l\u2019Universit\u00e9\u00a0McGill et a \u00e9t\u00e9 asserment\u00e9 par l\u2019association du B<em>arreau du Qu\u00e9bec<\/em> en 2016. Les domaines de pratique Me Zukran incluent la protection du consommateur, la protection envers les pratiques d\u00e9loyales et les actions collectives. Dans ces dossiers, Me Zukran repr\u00e9sente ses clients sur une base d\u2019honoraires \u00e0 pourcentage, qui veut dire que le cabinet ne sera r\u00e9mun\u00e9r\u00e9 pour les services rendus que si une compensation est obtenue pour les clients et membres du groupe des actions collectives.<\/p>\n<p style=\"text-align: justify;\">Me Zukran a d\u00e9velopp\u00e9 une passion pour le domaine de la protection des consommateurs. Son exp\u00e9rience \u00e0 titre de b\u00e9n\u00e9vole \u00e0 la <em>Clinique d\u2019information juridique du Syndicat des \u00e9tudiants et \u00e9tudiantes de Concordia<\/em> a renforc\u00e9 sa volont\u00e9 de venir en aide aux consommateurs, qui peuvent parfois se retrouver en position de grande vuln\u00e9rabilit\u00e9. Reconnaissant l\u2019important \u00e9cart entre les grandes entreprises et les consommateurs, Me Zukran aspire \u00e0 uniformiser les r\u00e8gles du jeu et \u00e0 d\u00e9fendre vigoureusement les droits des consommateurs. Me Zukran pilote actuellement plus de 20 actions collectives dans la province de Qu\u00e9bec et fait partie d&rsquo;un consortium national d&rsquo;avocats poursuivant les plus grandes \u00e9piceries et producteurs de pain du Canada sur les all\u00e9gations d&rsquo;un complot de fixation du prix du pain au pays pendant 16 ans. En juillet 2024, une entente de r\u00e8glement historique de 500 millions de dollars a \u00e9t\u00e9 conclue avec Loblaw et George Weston. Ce r\u00e8glement de 500 millions de dollars est le r\u00e8glement antitrust le plus important de l&rsquo;histoire canadienne.<\/p>\n<p>Bien que Me Zukran agisse g\u00e9n\u00e9ralement pour les demandeurs, il a d\u00e9fendu par le pass\u00e9 quatre \u00e9coles priv\u00e9es cit\u00e9es dans une action collective r\u00e9clamant le remboursement des frais de scolarit\u00e9 pendant la Covid, et d\u00e9fend actuellement une soci\u00e9t\u00e9 qu\u00e9b\u00e9coise nomm\u00e9e comme d\u00e9fenderesse dans une action collective concernant la revente de billets.<\/p>\n<p>Me Zukran s\u2019implique aupr\u00e8s de la rel\u00e8ve juridique qu\u00e9b\u00e9coise \u00e9tant conf\u00e9rencier devant des groupes d\u2019\u00e9tudiants en droit de niveau universitaire et coll\u00e9gial. Il a enseign\u00e9 le cours de 3 cr\u00e9dits sur les actions collectives \u00e0 l&rsquo;Universit\u00e9 d&rsquo;Ottawa (section de droit civil) : \u00ab Les actions collectives &#8211; DRC4731 \u00bb et continue \u00e0 donner des s\u00e9minaires dans le domaine de la protection des consommateurs et des actions collectives. Il a notamment \u00e9t\u00e9 conf\u00e9rencier au <em>Colloque national sur l&rsquo;action collective<\/em> et au <em>National Symposium on Class Actions<\/em> \u00e0 Osgoode Hall Law School.<\/p>\n<p>En 2024, la <span style=\"color: #0000ff;\"><a style=\"color: #0000ff;\" href=\"https:\/\/www.uottawa.ca\/faculte-droit\/droit-civil\/evenements\/bourse-joey-zukran-limportance-lecons-sport-pratique-juridique\"><span style=\"text-decoration: underline;\">bourse Joey Zukran pour les \u00e9tudiants sportifs<\/span><\/a> <\/span>a \u00e9t\u00e9 cr\u00e9\u00e9e \u00e0 la Facult\u00e9 de droit, Section de droit civil de l&rsquo;Universit\u00e9 d&rsquo;Ottawa (5 000 $ de bourses attribu\u00e9es chaque ann\u00e9e).<\/p>\n<p style=\"text-align: justify;\">Dans ses temps libres, Me Zukran est entra\u00eeneur b\u00e9n\u00e9vole \u00e0 l\u2019Association du hockey mineur de Ville St-Laurent, o\u00f9\u00a0le plus jeune de ses trois enfants joue.<\/p>\n<\/div><div class=\"fusion-clearfix\"><\/div><\/div><\/div><\/div><\/div>\n","protected":false},"excerpt":{"rendered":"","protected":false},"author":4,"featured_media":0,"parent":0,"menu_order":0,"comment_status":"closed","ping_status":"closed","template":"100-width.php","meta":{"footnotes":""},"class_list":["post-21118","page","type-page","status-publish","hentry"],"_links":{"self":[{"href":"https:\/\/lpclex.com\/fr\/wp-json\/wp\/v2\/pages\/21118","targetHints":{"allow":["GET"]}}],"collection":[{"href":"https:\/\/lpclex.com\/fr\/wp-json\/wp\/v2\/pages"}],"about":[{"href":"https:\/\/lpclex.com\/fr\/wp-json\/wp\/v2\/types\/page"}],"author":[{"embeddable":true,"href":"https:\/\/lpclex.com\/fr\/wp-json\/wp\/v2\/users\/4"}],"replies":[{"embeddable":true,"href":"https:\/\/lpclex.com\/fr\/wp-json\/wp\/v2\/comments?post=21118"}],"version-history":[{"count":5,"href":"https:\/\/lpclex.com\/fr\/wp-json\/wp\/v2\/pages\/21118\/revisions"}],"predecessor-version":[{"id":1227216,"href":"https:\/\/lpclex.com\/fr\/wp-json\/wp\/v2\/pages\/21118\/revisions\/1227216"}],"wp:attachment":[{"href":"https:\/\/lpclex.com\/fr\/wp-json\/wp\/v2\/media?parent=21118"}],"curies":[{"name":"wp","href":"https:\/\/api.w.org\/{rel}","templated":true}]}}