{"id":1254726,"date":"2026-04-03T12:23:19","date_gmt":"2026-04-03T16:23:19","guid":{"rendered":"https:\/\/lpclex.com\/?page_id=1254726"},"modified":"2026-04-03T12:33:08","modified_gmt":"2026-04-03T16:33:08","slug":"conditions-dutilisation","status":"publish","type":"page","link":"https:\/\/lpclex.com\/fr\/conditions-dutilisation\/","title":{"rendered":"Conditions d\u2019utilisation"},"content":{"rendered":"<div class=\"fusion-fullwidth fullwidth-box fusion-builder-row-1 has-pattern-background has-mask-background nonhundred-percent-fullwidth non-hundred-percent-height-scrolling fusion-equal-height-columns\" style=\"--awb-background-position:left top;--awb-border-sizes-top:0px;--awb-border-sizes-bottom:0px;--awb-border-sizes-left:0px;--awb-border-sizes-right:0px;--awb-border-radius-top-left:0px;--awb-border-radius-top-right:0px;--awb-border-radius-bottom-right:0px;--awb-border-radius-bottom-left:0px;--awb-padding-top:10px;--awb-padding-bottom:35px;--awb-flex-wrap:wrap;\" ><div class=\"fusion-builder-row fusion-row\"><div class=\"fusion-layout-column fusion_builder_column fusion-builder-column-0 fusion_builder_column_1_1 1_1 fusion-one-full fusion-column-first fusion-column-last fusion-column-no-min-height\" style=\"--awb-bg-size:cover;--awb-margin-bottom:0px;\"><div class=\"fusion-column-wrapper fusion-flex-column-wrapper-legacy\"><div class=\"fusion-sep-clear\"><\/div><div class=\"fusion-separator fusion-full-width-sep\" style=\"margin-left: auto;margin-right: auto;width:100%;\"><div class=\"fusion-separator-border sep-single sep-solid\" style=\"--awb-height:20px;--awb-amount:20px;--awb-sep-color:#1e73be;border-color:#1e73be;border-top-width:5px;\"><\/div><\/div><div class=\"fusion-sep-clear\"><\/div><div class=\"fusion-clearfix\"><\/div><\/div><\/div><div class=\"fusion-layout-column fusion_builder_column fusion-builder-column-1 fusion_builder_column_1_1 1_1 fusion-one-full fusion-column-first fusion-column-last\" style=\"--awb-padding-top:45px;--awb-padding-right:45px;--awb-padding-bottom:45px;--awb-padding-left:45px;--awb-bg-color:#ffffff;--awb-bg-color-hover:#ffffff;--awb-bg-size:cover;--awb-border-color:#e2e2e2;--awb-border-top:1px;--awb-border-right:1px;--awb-border-bottom:1px;--awb-border-left:1px;--awb-border-style:solid;--awb-margin-bottom:40px;\" data-scroll-devices=\"small-visibility,medium-visibility,large-visibility\"><div class=\"fusion-column-wrapper fusion-column-has-shadow fusion-flex-column-wrapper-legacy\"><div class=\"fusion-title title fusion-title-1 fusion-title-text fusion-title-size-two\" style=\"--awb-margin-bottom:20px;--awb-margin-top-small:0px;--awb-margin-right-small:0px;--awb-margin-bottom-small:20px;--awb-margin-left-small:0px;\"><h2 class=\"fusion-title-heading title-heading-left\" style=\"margin:0;\">Conditions d\u2019utilisation<\/h2><span class=\"awb-title-spacer\"><\/span><div class=\"title-sep-container\"><div class=\"title-sep sep-single sep-solid\" style=\"border-color:#e0dede;\"><\/div><\/div><\/div><div class=\"fusion-text fusion-text-1\"><p>En utilisant notre site Web, vous acceptez les pr\u00e9sentes conditions d\u2019utilisation.<\/p>\n<ol>\n<li><strong> Introduction<\/strong><\/li>\n<\/ol>\n<p>Les pr\u00e9sentes Conditions d\u2019utilisation (\u00ab <strong>Conditions<\/strong> \u00bb) r\u00e9gissent votre utilisation du site Web de LPC Avocats tel que d\u00e9fini aux pr\u00e9sentes. En acc\u00e9dant \u00e0 notre site Web ou en l\u2019utilisant, vous acceptez de vous conformer \u00e0 ces Conditions et d\u2019y \u00eatre li\u00e9. Si vous n\u2019acceptez pas ces Conditions, veuillez ne pas utiliser notre site Web.<\/p>\n<ol start=\"2\">\n<li><strong> D\u00e9finitions<\/strong><\/li>\n<\/ol>\n<p>\u00ab <strong>Utilisateur <\/strong>\u00bb d\u00e9signe toute personne qui acc\u00e8de au site Web ou l\u2019utilise.<br \/>\n\u00ab <strong>site Web<\/strong> \u00bb d\u00e9signe le site Web de LPC Avocats (<a style=\"color: #0000ff; text-decoration: underline;\" href=\"https:\/\/www.lpclex.com\/\">www.lpclex.com<\/a>) ainsi que tous les services qui y sont associ\u00e9s.<\/p>\n<ol start=\"3\">\n<li><strong> Propri\u00e9t\u00e9 \/ Restrictions d\u2019utilisation<\/strong><\/li>\n<\/ol>\n<p>Le site Web est la propri\u00e9t\u00e9 de, et exploit\u00e9 par, LPC Avocats. Tout contenus, texte, donn\u00e9es, graphiques, photographies, images, \u00e9l\u00e9ments audio, vid\u00e9os, logiciels, marques de commerce, marques de service, noms commerciaux et autres informations ou mat\u00e9riel (collectivement, le \u00ab <strong>Contenu<\/strong> \u00bb) figurant sur ce site Web sont la propri\u00e9t\u00e9 de LPC Avocats et\/ou de ses conc\u00e9dants de licence tiers. Le Contenu est prot\u00e9g\u00e9 par les lois canadiennes et internationales sur le droit d\u2019auteur et les marques de commerce.<\/p>\n<p>Sauf disposition contraire aux pr\u00e9sentes, vous ne pouvez modifier, copier, reproduire, publier, afficher, transmettre, distribuer, pr\u00e9senter, ex\u00e9cuter, cr\u00e9er des \u0153uvres d\u00e9riv\u00e9es, transf\u00e9rer ou vendre tout Contenu sans le consentement \u00e9crit pr\u00e9alable expr\u00e8s de LPC Avocats. Vous pouvez t\u00e9l\u00e9charger, imprimer et reproduire le Contenu \u00e0 des fins d\u2019information personnelle, \u00e0 condition de conserver tous les avis de droit d\u2019auteur ou autres mentions de propri\u00e9t\u00e9 figurant dans ce Contenu et d\u2019indiquer l\u2019URL source de ce Contenu. La reproduction de multiples copies du Contenu, en tout ou en partie, \u00e0 des fins de revente ou de distribution est strictement interdite sans l\u2019autorisation \u00e9crite pr\u00e9alable de LPC Avocats. Pour obtenir une telle autorisation, veuillez communiquer avec nous \u00e0\u00a0<a style=\"color: #0000ff; text-decoration: underline;\" href=\"mailto:info@lpclex.com\">info@lpclex.com<\/a>.<\/p>\n<p><strong>Absence de conseils juridiques<\/strong><\/p>\n<p>Les documents et informations disponibles sur ce site Web sont fournis \u00e0 des fins \u00e9ducatives et informatives et ne constituent pas des conseils juridiques. L\u2019utilisation de ce site Web ne remplace pas une consultation avec un professionnel du droit qualifi\u00e9, et vous ne devez donc pas vous fier aux informations fournies sur ce site comme \u00e0 des conseils juridiques. Veuillez consulter l\u2019un des avocats de LPC Avocats (ou votre propre conseiller juridique) pour obtenir des recommandations sp\u00e9cifiques.<\/p>\n<p>De plus, les informations disponibles sur ce site Web \u00e9voluent rapidement et peuvent ne plus \u00eatre \u00e0 jour. Si vous utilisez ou vous fiez \u00e0 ces informations, vous le faites \u00e0 vos propres risques.<\/p>\n<p><strong>Aucune relation avocat-client n&rsquo;est cr\u00e9\u00e9e<\/strong><\/p>\n<p>Votre utilisation ou votre acc\u00e8s \u00e0 ce site Web ne cr\u00e9e pas de relation avocat-client. Si vous utilisez ce site Web pour envoyer des courriels \u00e0 LPC Avocats ou \u00e0 ses avocats, ou pour faciliter l\u2019acc\u00e8s ou les communications avec ceux-ci, cela ne cr\u00e9e pas de relation avocat-client.<\/p>\n<p><strong>Inscription<\/strong><\/p>\n<p>Pour vous inscrire \u00e0 certains services de LPC Avocats, y compris, sans limitation, pour vous abonner \u00e0 nos listes d\u2019envoi ou publications, ou pour vous inscrire \u00e0 l\u2019un de nos recours collectifs, vous pourriez \u00eatre invit\u00e9 \u00e0 remplir un formulaire d\u2019inscription en ligne. Vous acceptez de fournir des informations vraies, actuelles, compl\u00e8tes et exactes, comme demand\u00e9 dans tout formulaire d\u2019inscription, et de mettre \u00e0 jour ces informations dans les plus brefs d\u00e9lais en cas de modification.<\/p>\n<p><strong>Liens<\/strong><\/p>\n<p>Nous souhaitons offrir une valeur accrue \u00e0 nos visiteurs. \u00c0 cette fin, le site Web peut proposer des liens vers d\u2019autres sites Internet exploit\u00e9s par des tiers et non affili\u00e9s \u00e0 LPC Avocats. Veuillez noter que ces sites li\u00e9s sont ind\u00e9pendants de LPC Avocats et que LPC Avocats n\u2019exerce aucun contr\u00f4le sur leur contenu. Par cons\u00e9quent, LPC Avocats ne peut \u00eatre tenu responsable et ne donne aucune garantie quant \u00e0 l\u2019exactitude, l\u2019actualit\u00e9 ou l\u2019exhaustivit\u00e9 des informations qui y sont contenues.<\/p>\n<p>Les liens pr\u00e9sents sur notre site Web n\u2019impliquent pas que nous parrainons, approuvons ou sommes affili\u00e9s ou associ\u00e9s \u00e0 ces sites, ni que nous sommes autoris\u00e9s \u00e0 utiliser toute marque de commerce, nom commercial, marque de service, dessin, logo, symbole ou autre mat\u00e9riel prot\u00e9g\u00e9 affich\u00e9 sur ces sites ou accessible sur de tels sites.<\/p>\n<p>Nous vous invitons \u00e0 nous faire part de tout commentaire concernant les liens externes figurant sur notre site Web.<\/p>\n<p><strong>Avis de non-responsabilit\u00e9 \/ Limitation de responsabilit\u00e9<\/strong><\/p>\n<p>Bien que nous nous efforcions de maintenir le contenu du site Web \u00e0 jour et exact, des erreurs et\/ou omissions peuvent survenir.<\/p>\n<p>EN CONS\u00c9QUENCE, CE SITE WEB, AINSI QUE LE CONTENU ET LES SERVICES QUI Y SONT FOURNIS, SONT OFFERTS \u00ab TELS QUELS \u00bb, SANS GARANTIE D\u2019AUCUNE SORTE, EXPRESSE OU IMPLICITE. LPC AVOCATS D\u00c9CLINE TOUTE GARANTIE, EXPRESSE OU IMPLICITE, Y COMPRIS, SANS S\u2019Y LIMITER, CELLE RELATIVE AUX GARANTIES ET CONDITIONS TACITES QUANT \u00c0 LA QUALIT\u00c9 MARCHANDE, \u00c0 L\u2019APTITUDE \u00c0 UN USAGE PARTICULIER, ET \u00c0 L\u2019ABSENCE DE CONTREFA\u00c7ON. LPC AVOCATS NE GARANTIT PAS QUE LES FONCTIONS DU SITE WEB SERONT ININTERROMPUES, EXEMPTES D\u2019ERREURS OU DE VIRUS OU AUTRES \u00c9L\u00c9MENTS NUISIBLES.<\/p>\n<p>EN AUCUN CAS LPC AVOCATS NE POURRA \u00caTRE TENUE RESPONSABLE DE DOMMAGES DIRECTS, INDIRECTS, ACCESSOIRES, SP\u00c9CIAUX OU CONS\u00c9CUTIFS D\u00c9COULANT DE L\u2019UTILISATION OU DE L\u2019IMPOSSIBILIT\u00c9 D\u2019UTILISER LE SITE WEB OU TOUT CONTENU OU SERVICE, M\u00caME SI LPC AVOCATS A \u00c9T\u00c9 INFORM\u00c9E DE LA POSSIBILIT\u00c9 DE TELS DOMMAGES. CERTAINES LOIS APPLICABLES PEUVENT NE PAS PERMETTRE LA LIMITATION OU L\u2019EXCLUSION DE RESPONSABILIT\u00c9 POUR LES DOMMAGES ACCESSOIRES OU CONS\u00c9CUTIFS, AUQUEL CAS CES LIMITATIONS OU EXCLUSIONS PEUVENT NE PAS S\u2019APPLIQUER \u00c0 VOUS.<\/p>\n<p><strong>Indemnisation<\/strong><\/p>\n<p>En utilisant ce site Web, vous acceptez d\u2019indemniser et de d\u00e9gager de toute responsabilit\u00e9 LPC Avocats, ses soci\u00e9t\u00e9s affili\u00e9es, membres, dirigeants, employ\u00e9s, mandataires et conc\u00e9dants de licence \u00e0 l\u2019\u00e9gard de toute perte, d\u00e9pense, dommage, r\u00e9clamation, amende, p\u00e9nalit\u00e9, co\u00fbt ou responsabilit\u00e9 (y compris les honoraires juridiques et comptables raisonnables) r\u00e9sultant (a) de tout contenu que vous (ou toute personne agissant sous votre mot de passe ou nom d\u2019utilisateur, le cas \u00e9ch\u00e9ant) soumettez, publiez, transmettez ou rendez disponible sur le site Web et\/ou (b) de votre utilisation du site Web, de votre connexion \u00e0 celui-ci ou de toute violation pr\u00e9sum\u00e9e des pr\u00e9sentes Conditions.<\/p>\n<p><strong>Protection de la vie priv\u00e9e<\/strong><\/p>\n<p>LPC Avocats respecte votre droit \u00e0 la protection de vos renseignements personnels. Veuillez consulter notre politique de confidentialit\u00e9 pour en savoir plus sur la mani\u00e8re dont nous recueillons, utilisons, divulguons et g\u00e9rons vos renseignements personnels.<\/p>\n<p><strong>Modifications et r\u00e9siliation<\/strong><\/p>\n<p>LPC Avocats se r\u00e9serve le droit, \u00e0 tout moment et sans pr\u00e9avis, de modifier ou d\u2019interrompre, temporairement ou d\u00e9finitivement, le site Web (ou toute partie de celui-ci). LPC Avocats se r\u00e9serve \u00e9galement le droit de modifier les pr\u00e9sentes Conditions d\u2019utilisation en tout temps en publiant une version mise \u00e0 jour sur le site Web. Il vous incombe de consulter r\u00e9guli\u00e8rement ces Conditions. Votre utilisation continue du site Web apr\u00e8s de telles modifications constitue votre acceptation de celles-ci, la poursuite de l\u2019acc\u00e8s au site Web constituant la contrepartie fournie par LPC Avocats.Votre seul recours en cas d\u2019insatisfaction \u00e0 l\u2019\u00e9gard (1) des pr\u00e9sentes Conditions, (2) de toute politique ou pratique li\u00e9e au fonctionnement du site Web, ou (3) de tout contenu ou service offert par le site Web, est de cesser de visiter et d\u2019utiliser le site Web.<\/p>\n<p><strong>Lois applicables<\/strong><\/p>\n<p>Les pr\u00e9sentes Conditions d\u2019utilisation sont r\u00e9gies et interpr\u00e9t\u00e9es conform\u00e9ment aux lois de la province de Qu\u00e9bec, et tout litige doit \u00eatre soumis exclusivement aux tribunaux comp\u00e9tents du district judiciaire de Montr\u00e9al, province de Qu\u00e9bec. Si une disposition des pr\u00e9sentes Conditions est jug\u00e9e ill\u00e9gale, nulle ou inapplicable pour quelque raison que ce soit, cette disposition sera dissociable et n\u2019affectera pas la validit\u00e9 et l\u2019applicabilit\u00e9 des autres dispositions.<\/p>\n<p>Les pr\u00e9sentes Conditions d\u2019utilisation, ainsi que tout autre avis l\u00e9gal ou d\u00e9claration publi\u00e9e sur le site Web, constituent l\u2019int\u00e9gralit\u00e9 de l\u2019entente entre vous et LPC Avocats concernant l\u2019utilisation du site Web, y compris le Contenu.<\/p>\n<p><strong>Avis<\/strong><\/p>\n<p>Les avis peuvent vous \u00eatre transmis par courriel ou par la poste. Les modifications apport\u00e9es aux pr\u00e9sentes Conditions d\u2019utilisation ou aux services offerts par le site Web seront publi\u00e9es sur le site lui-m\u00eame.<\/p>\n<p>Pour toute question ou tout commentaire concernant les pr\u00e9sentes Conditions d\u2019utilisation, veuillez nous contacter \u00e0\u00a0<a style=\"color: #0000ff; text-decoration: underline;\" href=\"mailto:info@lpclex.com\">info@lpclex.com<\/a>.<\/p>\n<\/div><div class=\"fusion-clearfix\"><\/div><\/div><\/div><\/div><\/div>\n","protected":false},"excerpt":{"rendered":"","protected":false},"author":10,"featured_media":0,"parent":0,"menu_order":0,"comment_status":"closed","ping_status":"closed","template":"100-width.php","meta":{"footnotes":""},"class_list":["post-1254726","page","type-page","status-publish","hentry"],"_links":{"self":[{"href":"https:\/\/lpclex.com\/fr\/wp-json\/wp\/v2\/pages\/1254726","targetHints":{"allow":["GET"]}}],"collection":[{"href":"https:\/\/lpclex.com\/fr\/wp-json\/wp\/v2\/pages"}],"about":[{"href":"https:\/\/lpclex.com\/fr\/wp-json\/wp\/v2\/types\/page"}],"author":[{"embeddable":true,"href":"https:\/\/lpclex.com\/fr\/wp-json\/wp\/v2\/users\/10"}],"replies":[{"embeddable":true,"href":"https:\/\/lpclex.com\/fr\/wp-json\/wp\/v2\/comments?post=1254726"}],"version-history":[{"count":5,"href":"https:\/\/lpclex.com\/fr\/wp-json\/wp\/v2\/pages\/1254726\/revisions"}],"predecessor-version":[{"id":1254738,"href":"https:\/\/lpclex.com\/fr\/wp-json\/wp\/v2\/pages\/1254726\/revisions\/1254738"}],"wp:attachment":[{"href":"https:\/\/lpclex.com\/fr\/wp-json\/wp\/v2\/media?parent=1254726"}],"curies":[{"name":"wp","href":"https:\/\/api.w.org\/{rel}","templated":true}]}}