{"id":1254708,"date":"2026-04-03T12:12:13","date_gmt":"2026-04-03T16:12:13","guid":{"rendered":"https:\/\/lpclex.com\/?page_id=1254708"},"modified":"2026-04-03T12:32:51","modified_gmt":"2026-04-03T16:32:51","slug":"politique-de-confidentialite","status":"publish","type":"page","link":"https:\/\/lpclex.com\/fr\/politique-de-confidentialite\/","title":{"rendered":"Politique de confidentialit\u00e9"},"content":{"rendered":"<div class=\"fusion-fullwidth fullwidth-box fusion-builder-row-1 has-pattern-background has-mask-background nonhundred-percent-fullwidth non-hundred-percent-height-scrolling fusion-equal-height-columns\" style=\"--awb-background-position:left top;--awb-border-sizes-top:0px;--awb-border-sizes-bottom:0px;--awb-border-sizes-left:0px;--awb-border-sizes-right:0px;--awb-border-radius-top-left:0px;--awb-border-radius-top-right:0px;--awb-border-radius-bottom-right:0px;--awb-border-radius-bottom-left:0px;--awb-padding-top:10px;--awb-padding-bottom:35px;--awb-flex-wrap:wrap;\" ><div class=\"fusion-builder-row fusion-row\"><div class=\"fusion-layout-column fusion_builder_column fusion-builder-column-0 fusion_builder_column_1_1 1_1 fusion-one-full fusion-column-first fusion-column-last fusion-column-no-min-height\" style=\"--awb-bg-size:cover;--awb-margin-bottom:0px;\"><div class=\"fusion-column-wrapper fusion-flex-column-wrapper-legacy\"><div class=\"fusion-sep-clear\"><\/div><div class=\"fusion-separator fusion-full-width-sep\" style=\"margin-left: auto;margin-right: auto;width:100%;\"><div class=\"fusion-separator-border sep-single sep-solid\" style=\"--awb-height:20px;--awb-amount:20px;--awb-sep-color:#1e73be;border-color:#1e73be;border-top-width:5px;\"><\/div><\/div><div class=\"fusion-sep-clear\"><\/div><div class=\"fusion-clearfix\"><\/div><\/div><\/div><div class=\"fusion-layout-column fusion_builder_column fusion-builder-column-1 fusion_builder_column_1_1 1_1 fusion-one-full fusion-column-first fusion-column-last\" style=\"--awb-padding-top:45px;--awb-padding-right:45px;--awb-padding-bottom:45px;--awb-padding-left:45px;--awb-bg-color:#ffffff;--awb-bg-color-hover:#ffffff;--awb-bg-size:cover;--awb-border-color:#e2e2e2;--awb-border-top:1px;--awb-border-right:1px;--awb-border-bottom:1px;--awb-border-left:1px;--awb-border-style:solid;--awb-margin-bottom:40px;\" data-scroll-devices=\"small-visibility,medium-visibility,large-visibility\"><div class=\"fusion-column-wrapper fusion-column-has-shadow fusion-flex-column-wrapper-legacy\"><div class=\"fusion-title title fusion-title-1 fusion-title-text fusion-title-size-two\" style=\"--awb-margin-bottom:20px;--awb-margin-top-small:0px;--awb-margin-right-small:0px;--awb-margin-bottom-small:20px;--awb-margin-left-small:0px;\"><h2 class=\"fusion-title-heading title-heading-left\" style=\"margin:0;\">Politique de confidentialit\u00e9<\/h2><span class=\"awb-title-spacer\"><\/span><div class=\"title-sep-container\"><div class=\"title-sep sep-single sep-solid\" style=\"border-color:#e0dede;\"><\/div><\/div><\/div><div class=\"fusion-text fusion-text-1\"><p>LPC Avocats (\u00ab <strong>LPC Avocats<\/strong> \u00bb, \u00ab <strong>nous<\/strong> \u00bb ou \u00ab <strong>notre<\/strong> \u00bb) exploitant le site Web <a style=\"color: #0000ff; text-decoration: underline;\" href=\"https:\/\/www.lpclex.com\/fr\">www.lpclex.com\/fr<\/a>\u00a0 s\u2019engage \u00e0 prot\u00e9ger votre vie priv\u00e9e et vos renseignements personnels. Cette Politique de confidentialit\u00e9 (\u00ab\u00a0<strong>Politique<\/strong>\u00a0\u00bb) vise \u00e0 vous informer quant \u00e0 nos pratiques en mati\u00e8re de confidentialit\u00e9 et de protection de vos renseignements personnels, y compris sur la fa\u00e7on dont nous recueillons, utilisons et communiquons vos renseignements personnels.<\/p>\n<p>Cette Politique est conforme aux lois applicables en mati\u00e8re de protection des renseignements personnels confidentiels.<\/p>\n<p><strong>Renseignements que nous recueillons et comment nous les recueillons<\/strong><\/p>\n<p>Lorsque vous vous inscrivez sur une des actions collectives sur notre site web, nous pouvons vous tenir inform\u00e9 des d\u00e9veloppements importants concernant les actions collectives que notre cabinet pilote, \u00e0 notre enti\u00e8re discr\u00e9tion ou suivant une ordonnance de la Cour (tels que les avis de r\u00e8glement, d\u2019approbation, d\u2019autorisation, d\u00e9sistement, etc.). Nous pourrions d\u00e9poser votre inscription aupr\u00e8s de la Cour et la communiquer aux autres parties au litige, et, le cas \u00e9ch\u00e9ant, nous d\u00e9ploierons tous les efforts n\u00e9cessaires, selon le cas, pour caviarder les informations permettant de vous identifier, \u00e0 moins qu\u2019une Cour n\u2019en d\u00e9cide autrement ou si autrement requis.<\/p>\n<p>En nous transmettant vos renseignements personnels, vous consentez \u00e0 leur traitement conform\u00e9ment \u00e0 cette Politique et vous nous autorisez, ainsi que nos prestataires de services le cas \u00e9ch\u00e9ant, \u00e0 les traiter tels que d\u00e9crits dans la pr\u00e9sente.<\/p>\n<p>De plus, lorsque vous visitez notre site Web, incluant pour remplir un formulaire d\u2019inscription, ou vous nous contactez, nous pouvons recueillir les cat\u00e9gories de renseignements personnels suivantes :<\/p>\n<ul>\n<li>Renseignements permettant de vous identifier, comme votre pr\u00e9nom et votre nom;<\/li>\n<li>Coordonn\u00e9es, telles que votre adresse postale, votre num\u00e9ro de t\u00e9l\u00e9phone ou votre adresse courriel;<\/li>\n<li>Commentaires;<\/li>\n<li>Donn\u00e9es li\u00e9es \u00e0 votre utilisation de notre site Web, y compris les t\u00e9moins (cookies), l\u2019adresse IP, les pr\u00e9f\u00e9rences linguistiques, les dates et heures de visites et les pages consult\u00e9es;<\/li>\n<li>Tout autre renseignement personnel que vous nous fournissez.<\/li>\n<\/ul>\n<p><strong>Pourquoi recueillons-nous ces renseignements ?<\/strong><\/p>\n<p>Nous recueillons, utilisons et divulguons vos renseignements personnels pour plusieurs raisons, notamment :<\/p>\n<ul>\n<li>Communiquer efficacement avec vous;<\/li>\n<li>Prendre les mesures que nous estimons \u00eatre dans l\u2019int\u00e9r\u00eat des membres du groupe dans le cadre d\u2019une de nos actions collectives;<\/li>\n<li>Vous fournir des mises \u00e0 jour dans le cadre d\u2019actions collectives, par exemple lorsqu\u2019une entente est conclue ou approuv\u00e9e, qu\u2019une action collective est autoris\u00e9e ou lorsqu\u2019il y a d\u00e9sistement;<\/li>\n<li>R\u00e9pondre \u00e0 vos questions ou demandes, dans la mesure du possible;<\/li>\n<li>Respecter toutes les obligations l\u00e9gales.<\/li>\n<\/ul>\n<p>Nous utilisons \u00e9galement des fichiers t\u00e9moins (cookies) \u00e0 des fins de commodit\u00e9. Ceux-ci ne contiennent ni ne transmettent de donn\u00e9es personnelles.<\/p>\n<p><strong>Conservation<\/strong><\/p>\n<p>Nous ne conserverons vos renseignements personnels pendant la p\u00e9riode o\u00f9 elles seront n\u00e9cessaires ou pertinentes aux fins d\u00e9crites dans la pr\u00e9sente, ou tel que permis ou requis par la loi.<\/p>\n<p><strong>Divulgation<\/strong><\/p>\n<p>LPC Avocats ne vendra pas vos renseignements personnels \u00e0 des tiers. \u00c0 moins d\u2019indication contraire express\u00e9ment pr\u00e9vue \u00e0 la pr\u00e9sente Politique, LPC Avocats ne communiquera pas, ou ne divulguera en aucune fa\u00e7on vos renseignements personnels \u00e0 des tiers sans avoir pr\u00e9alablement obtenu votre consentement \u00e9crit, sauf si la loi l\u2019exige ou qu\u2019une Cour l\u2019ordonne.<\/p>\n<p>Nous pouvons partager certains renseignements avec des tiers, comme des fournisseurs ou prestataires de services, pour les fins d\u00e9crites dans la pr\u00e9sente (\u00e0 titre d\u2019exemple, et sans limiter ce qui pr\u00e9c\u00e8de, aux fins d\u2019envoi d\u2019avis). Dans ces cas, nous exigeons que ces tiers prot\u00e8gent vos donn\u00e9es conform\u00e9ment aux normes de confidentialit\u00e9.<\/p>\n<p>Vos renseignements peuvent \u00e9galement \u00eatre stock\u00e9s ou trait\u00e9s \u00e0 l\u2019ext\u00e9rieur du Canada. Dans ce cas, ils sont soumis aux lois en vigueur dans le pays h\u00f4te. Sachez toutefois que nous limitons les renseignements transmis \u00e0 ces tiers au strict n\u00e9cessaire pour la prestation de leurs services.<\/p>\n<p><strong>Nos mesures de s\u00e9curit\u00e9<\/strong><\/p>\n<p>Nous nous engageons \u00e0 prot\u00e9ger les renseignements personnels que nous d\u00e9tenons. Pour ce faire, nous appliquons des mesures physiques, technologiques et administratives. Tous les tiers avec lesquels nous collaborons doivent \u00e9galement respecter des normes de s\u00e9curit\u00e9 \u00e9quivalentes.<\/p>\n<p><strong>Vos droits \u00e0 l\u2019\u00e9gard de vos renseignements personnels<\/strong><\/p>\n<p>Concernant vos renseignements personnels, vous disposez des droits suivants :<\/p>\n<ul>\n<li>Acc\u00e9der aux renseignements que nous d\u00e9tenons \u00e0 votre sujet;<\/li>\n<li>Demander la correction, la mise \u00e0 jour, ou la suppression de vos renseignements;<\/li>\n<li>D\u00e9poser une plainte ou poser une question en \u00e9crivant au responsable de la protection des renseignements personnels : <a style=\"color: #0000ff; text-decoration: underline;\" href=\"mailto:privacy@lpclex.com\">privacy@lpclex.com<\/a><\/li>\n<\/ul>\n<p><strong>Retrait de consentement<\/strong><\/p>\n<p>Vous pouvez en tout temps retirer votre consentement \u00e0 la collecte, \u00e0 l\u2019utilisation et \u00e0 la divulgation de vos renseignements personnels, sous r\u00e9serve de certaines limitations. Pour exercer ce droit, veuillez contacter le responsable de la protection des donn\u00e9es personnelles : <a style=\"color: #0000ff; text-decoration: underline;\" href=\"mailto:privacy@lpclex.com\">privacy@lpclex.com<\/a>.<\/p>\n<p><strong>Contactez-nous<\/strong><\/p>\n<p>Pour toute question sur cette Politique, veuillez nous contacter :<\/p>\n<p>LPC Avocats<br \/>\n276, rue Saint-Jacques, bureau 801<br \/>\nMontr\u00e9al, Qu\u00e9bec, H2Y 1N3<br \/>\nTel\u00a0: (514) 379-1572<br \/>\nFax\u00a0: (514) 221-4441<br \/>\n<a style=\"color: #0000ff; text-decoration: underline;\" href=\"mailto:privacy@lpclex.com\">privacy@lpclex.com<\/a><\/p>\n<\/div><div class=\"fusion-clearfix\"><\/div><\/div><\/div><\/div><\/div>\n","protected":false},"excerpt":{"rendered":"","protected":false},"author":10,"featured_media":0,"parent":0,"menu_order":0,"comment_status":"closed","ping_status":"closed","template":"100-width.php","meta":{"footnotes":""},"class_list":["post-1254708","page","type-page","status-publish","hentry"],"_links":{"self":[{"href":"https:\/\/lpclex.com\/fr\/wp-json\/wp\/v2\/pages\/1254708","targetHints":{"allow":["GET"]}}],"collection":[{"href":"https:\/\/lpclex.com\/fr\/wp-json\/wp\/v2\/pages"}],"about":[{"href":"https:\/\/lpclex.com\/fr\/wp-json\/wp\/v2\/types\/page"}],"author":[{"embeddable":true,"href":"https:\/\/lpclex.com\/fr\/wp-json\/wp\/v2\/users\/10"}],"replies":[{"embeddable":true,"href":"https:\/\/lpclex.com\/fr\/wp-json\/wp\/v2\/comments?post=1254708"}],"version-history":[{"count":13,"href":"https:\/\/lpclex.com\/fr\/wp-json\/wp\/v2\/pages\/1254708\/revisions"}],"predecessor-version":[{"id":1254737,"href":"https:\/\/lpclex.com\/fr\/wp-json\/wp\/v2\/pages\/1254708\/revisions\/1254737"}],"wp:attachment":[{"href":"https:\/\/lpclex.com\/fr\/wp-json\/wp\/v2\/media?parent=1254708"}],"curies":[{"name":"wp","href":"https:\/\/api.w.org\/{rel}","templated":true}]}}